{"id":247,"date":"2013-08-30T20:55:38","date_gmt":"2013-08-30T19:55:38","guid":{"rendered":"https:\/\/loree-paris.com\/mentions-legales-2\/"},"modified":"2013-08-30T20:55:38","modified_gmt":"2013-08-30T19:55:38","slug":"mentions-legales","status":"publish","type":"page","link":"https:\/\/loree-paris.com\/en\/mentions-legales\/","title":{"rendered":"Mentions L\u00e9gales"},"content":{"rendered":"<h3>Editeur<\/h3>\n<p>Le site loree-paris.fr est \u00e9dit\u00e9 par Delicium<br \/>\n<a title=\"delicium web design\" href=\"https:\/\/www.delicium.fr\" target=\"_blank\" rel=\"noopener\">www.delicium.fr<\/a><br \/>\nSiret : 51820075300011 &#8211; Adresse : 148 Avenue Henry Ch\u00e9ron 14000 Caen<\/p>\n<h3>Responsable de publication<\/h3>\n<p>&#8230;<\/p>\n<h3>Collecte et utilisation des donn\u00e9es personnelles<\/h3>\n<p>Lor\u00e9e Paris a effectu\u00e9 les proc\u00e9dures et obtenu les autorisations l\u00e9gales et administratives requises et notamment la d\u00e9claration aupr\u00e8s de la Commission nationale informatique et libert\u00e9s (CNIL) sur le traitement des donn\u00e9es nominatives.<\/p>\n<p>L\u2019utilisateur du site est inform\u00e9 que, conform\u00e9ment aux dispositions de la loi \u00ab Informatique et libert\u00e9s \u00bb n\u00b0 78-17 du 6 janvier 1978, il b\u00e9n\u00e9ficie d\u2019un droit individuel d\u2019acc\u00e8s, de rectification et de suppression des donn\u00e9es personnelles le concernant.<\/p>\n<p>R\u00e9c\u00e9piss\u00e9 de d\u00e9claration N\u00b0XXXXXXX<\/p>\n<p>Ce droit peut \u00eatre exerc\u00e9 par courrier \u00e9lectronique \u00e0 l\u2019adresse suivante :\u00a0<a href=\"mailto:degourdon@loree-paris.com\">degourdon@loree-paris.com<\/a><\/p>\n<h3>Propri\u00e9t\u00e9 intellectuelle<\/h3>\n<p>La structure g\u00e9n\u00e9rale ainsi que les logiciels, textes, images, sons, graphismes et tous autres \u00e9l\u00e9ments constituant le site loree-paris.fr sont la propri\u00e9t\u00e9 exclusive de Lor\u00e9e Paris ou bien sont r\u00e9guli\u00e8rement exploit\u00e9s sous licence.<br \/>\nPar cons\u00e9quent, toute reproduction, totale ou partielle de ce site, par quelque proc\u00e9d\u00e9 que ce soit, sans l\u2019autorisation expresse de Lor\u00e9e Paris est prohib\u00e9e et constitue un manquement aux dispositions du Code de propri\u00e9t\u00e9 intellectuelle, ce qui pourrait donner lieu \u00e0 d\u2019\u00e9ventuelles poursuites judiciaires pour faire cesser le trouble et sanctionner l\u2019utilisateur qui contreviendrait \u00e0 cette interdiction.<\/p>\n<h3>Cookies<\/h3>\n<p>L\u2019utilisateur reconna\u00eet avoir \u00e9t\u00e9 avis\u00e9 de l\u2019implantation de cookies non permanents dans son ordinateur, destin\u00e9s \u00e0 enregistrer des informations non personnelles, en m\u00e9morisant certains param\u00e8tres, pour chaque session de visite du site.<\/p>\n<p>Il reconna\u00eet en outre \u00eatre avis\u00e9 de ce que son navigateur doit lui permettre d\u2019accepter l\u2019enregistrement de \u00abcookies\u00bb par une configuration appropri\u00e9e.<\/p>\n<p>L\u2019utilisateur a la possibilit\u00e9 de s\u2019opposer ou d\u2019accepter les cookies \u00e0 tout moment. La plupart des navigateurs web les acceptent mais vous pouvez valablement modifier votre param\u00e9trage et les refuser.<\/p>\n<h3>Liens hypertextes<\/h3>\n<p>Lor\u00e9e Paris d\u00e9cline toute responsabilit\u00e9 pour le contenu des sites dont elle n\u2019est pas l\u2019\u00e9ditrice et qui sont accessibles par lien hypertexte.<\/p>\n<p>Les utilisateurs du site loree-paris.fr s\u2019engagent \u00e0 ne pas cr\u00e9er de lien hypertexte redirigeant vers ce site sans l\u2019autorisation pr\u00e9alable et \u00e9crite de Lor\u00e9e Paris.<\/p>\n<h3>Responsabilit\u00e9<\/h3>\n<p>Lor\u00e9e Paris d\u00e9cline toute responsabilit\u00e9 concernant le contenu, l\u2019exactitude, l\u2019actualit\u00e9 ou l\u2019exhaustivit\u00e9 des informations mises en ligne sur le site loree-paris.fr. Lor\u00e9e Paris ne saurait voir sa responsabilit\u00e9 engag\u00e9e \u00e0 raison de l\u2019utilisation et de l\u2019exploitation desdites informations qui en seraient faites par l\u2019utilisateur.<br \/>\nEn aucun cas la responsabilit\u00e9 de Lor\u00e9e Paris ne saurait \u00eatre mise en jeu du fait de l\u2019utilisation de ce site ou d\u2019un site reli\u00e9 par un hyperlien concernant les \u00e9ventuels dommages directs ou indirects, sp\u00e9ciaux particuliers ou accessoires, les pertes de profits, dues \u00e0 l\u2019interruption des affaires, les pertes de programmes ou de donn\u00e9es. Toute connexion \u00e0 des sites ext\u00e9rieurs est aux risques et p\u00e9rils exclusifs de l\u2019internaute.<\/p>\n","protected":false},"excerpt":{"rendered":"<p>Editeur Le site loree-paris.fr est \u00e9dit\u00e9 par Delicium www.delicium.fr Siret : 51820075300011 &#8211; Adresse : 148 Avenue Henry Ch\u00e9ron 14000 Caen Responsable de publication &#8230; Collecte et utilisation des donn\u00e9es personnelles Lor\u00e9e Paris a effectu\u00e9 les proc\u00e9dures et obtenu les autorisations l\u00e9gales et administratives requises et notamment la d\u00e9claration aupr\u00e8s de la Commission nationale informatique &#8230; <a title=\"Mentions L\u00e9gales\" class=\"read-more\" href=\"https:\/\/loree-paris.com\/en\/mentions-legales\/\" aria-label=\"Read more about Mentions L\u00e9gales\">Lire la suite<\/a><\/p>\n","protected":false},"author":1,"featured_media":0,"parent":0,"menu_order":0,"comment_status":"open","ping_status":"open","template":"","meta":{"_acf_changed":false,"footnotes":""},"class_list":{"0":"post-247","1":"page","2":"type-page","3":"status-publish","5":"no-featured-image-padding"},"acf":[],"_links":{"self":[{"href":"https:\/\/loree-paris.com\/en\/wp-json\/wp\/v2\/pages\/247","targetHints":{"allow":["GET"]}}],"collection":[{"href":"https:\/\/loree-paris.com\/en\/wp-json\/wp\/v2\/pages"}],"about":[{"href":"https:\/\/loree-paris.com\/en\/wp-json\/wp\/v2\/types\/page"}],"author":[{"embeddable":true,"href":"https:\/\/loree-paris.com\/en\/wp-json\/wp\/v2\/users\/1"}],"replies":[{"embeddable":true,"href":"https:\/\/loree-paris.com\/en\/wp-json\/wp\/v2\/comments?post=247"}],"version-history":[{"count":0,"href":"https:\/\/loree-paris.com\/en\/wp-json\/wp\/v2\/pages\/247\/revisions"}],"wp:attachment":[{"href":"https:\/\/loree-paris.com\/en\/wp-json\/wp\/v2\/media?parent=247"}],"curies":[{"name":"wp","href":"https:\/\/api.w.org\/{rel}","templated":true}]}}